{"id":87,"date":"2022-02-05T08:34:00","date_gmt":"2022-02-05T07:34:00","guid":{"rendered":"https:\/\/www.citen.fr\/wp\/?page_id=87"},"modified":"2025-06-26T16:39:20","modified_gmt":"2025-06-26T14:39:20","slug":"souscrire","status":"publish","type":"page","link":"https:\/\/www.citen.fr\/wp\/la-sas\/souscrire\/","title":{"rendered":"Souscrire"},"content":{"rendered":"\n<p>Le Document d&rsquo;Information Synth\u00e9tique est r\u00e9glementaire et obligatoire pour toute offre de financement participatif.<br>Il vous appartient de le consulter avant souscription<\/p>\n\n\n\n<div class=\"wp-block-buttons is-layout-flex wp-block-buttons-is-layout-flex\">\n<div class=\"wp-block-button\"><a class=\"wp-block-button__link wp-element-button\" href=\"https:\/\/www.citen.fr\/wp\/wp-content\/uploads\/2022\/02\/dis_occiten_31_oct_2021.pdf\">T\u00e9l\u00e9CHARGER LE DOCUMENT<\/a><\/div>\n<\/div>\n\n\n\n<hr class=\"wp-block-separator has-text-color has-green-color has-css-opacity has-green-background-color has-background is-style-wide\"\/>\n\n\n\n<p><\/p>\n\n\n\n<p>Le Compte Courant d\u2019Associ\u00e9s permet \u00e0 toute personne physique de pr\u00eater de l\u2019argent \u00e0 OC\u2019CITEN.<br>Il suffit de devenir \u201cAssoci\u00e9\u201d en prenant au moins 1 part sociale de 50 \u20ac, vous pouvez ensuite placer de l\u2019argent<\/p>\n\n\n\n<p>Le montant du capital souscrit est libre, il est r\u00e9mun\u00e9r\u00e9 \u00e0 5 % brut\/an (soit 3.5 % net d\u2019imp\u00f4t apr\u00e8s pr\u00e9l\u00e8vement forfaitaire de 30 % des int\u00e9r\u00eats vers\u00e9s) avec blocage du capital et des int\u00e9r\u00eats pendant 10 ans \u00e0 la date de cr\u00e9ditement sur le compte bancaire Occiten<\/p>\n\n\n\n<p>L\u2019argent souscrit sert int\u00e9gralement \u00e0 financer les installations<\/p>\n\n\n\n<div class=\"wp-block-buttons is-layout-flex wp-block-buttons-is-layout-flex\">\n<div class=\"wp-block-button has-custom-width wp-block-button__width-100 is-style-outline is-style-outline--1\"><a class=\"wp-block-button__link wp-element-button\" href=\"https:\/\/www.citen.fr\/wp\/wp-content\/uploads\/2025\/05\/BS-nouveau-societaire-CCA-2025.pdf\" target=\"_blank\" rel=\"noreferrer noopener\">t\u00e9l\u00e9charger le bulletin de Souscription<br> pour les nouveaux soci\u00e9taires<\/a><\/div>\n<\/div>\n\n\n<p>Pour ceux qui souhaites souscrire et qui sont d\u00e9j\u00e0 soci\u00e9taire vous pouvez t\u00e9l\u00e9charger le bulletin ci-dessous.<\/p>\n\n\n<div class=\"wp-block-buttons is-layout-flex wp-block-buttons-is-layout-flex\">\n<div class=\"wp-block-button has-custom-width wp-block-button__width-100 is-style-outline is-style-outline--2\"><a class=\"wp-block-button__link wp-element-button\" href=\"https:\/\/www.citen.fr\/wp\/wp-content\/uploads\/2025\/05\/BS-societaires-CCA-2025.pdf\" target=\"_blank\" rel=\"noreferrer noopener\">T\u00e9l\u00e9charger le bulletin de souscription<br>pour les anciens soci\u00e9taires<\/a><\/div>\n<\/div>\n","protected":false},"excerpt":{"rendered":"<p>Le Document d&rsquo;Information Synth\u00e9tique est r\u00e9glementaire et obligatoire pour toute offre de financement participatif.Il vous appartient de le consulter avant souscription Le Compte Courant d\u2019Associ\u00e9s permet \u00e0 toute personne physique de pr\u00eater de l\u2019argent \u00e0 OC\u2019CITEN.Il suffit de devenir \u201cAssoci\u00e9\u201d en prenant au moins 1 part sociale de 50 \u20ac, vous pouvez ensuite placer de &hellip; <a href=\"https:\/\/www.citen.fr\/wp\/la-sas\/souscrire\/\" class=\"more-link\">Continuer la lecture de <span class=\"screen-reader-text\">Souscrire<\/span>  <span class=\"meta-nav\">&rarr;<\/span><\/a><\/p>\n","protected":false},"author":1,"featured_media":0,"parent":69,"menu_order":12,"comment_status":"closed","ping_status":"closed","template":"","meta":{"footnotes":""},"class_list":["post-87","page","type-page","status-publish","hentry"],"yoast_head":"<!-- This site is optimized with the Yoast SEO plugin v27.5 - https:\/\/yoast.com\/product\/yoast-seo-wordpress\/ -->\n<title>Souscrire - Citen<\/title>\n<meta name=\"robots\" content=\"index, follow, max-snippet:-1, max-image-preview:large, max-video-preview:-1\" \/>\n<link rel=\"canonical\" href=\"https:\/\/www.citen.fr\/wp\/la-sas\/souscrire\/\" \/>\n<meta property=\"og:locale\" content=\"fr_FR\" \/>\n<meta property=\"og:type\" content=\"article\" \/>\n<meta property=\"og:title\" content=\"Souscrire - Citen\" \/>\n<meta property=\"og:description\" content=\"Le Document d&rsquo;Information Synth\u00e9tique est r\u00e9glementaire et obligatoire pour toute offre de financement participatif.Il vous appartient de le consulter avant souscription Le Compte Courant d\u2019Associ\u00e9s permet \u00e0 toute personne physique de pr\u00eater de l\u2019argent \u00e0 OC\u2019CITEN.Il suffit de devenir \u201cAssoci\u00e9\u201d en prenant au moins 1 part sociale de 50 \u20ac, vous pouvez ensuite placer de &hellip; Continuer la lecture de Souscrire &rarr;\" \/>\n<meta property=\"og:url\" content=\"https:\/\/www.citen.fr\/wp\/la-sas\/souscrire\/\" \/>\n<meta property=\"og:site_name\" content=\"Citen\" \/>\n<meta property=\"article:modified_time\" content=\"2025-06-26T14:39:20+00:00\" \/>\n<meta name=\"twitter:card\" content=\"summary_large_image\" \/>\n<meta name=\"twitter:label1\" content=\"Dur\u00e9e de lecture estim\u00e9e\" \/>\n\t<meta name=\"twitter:data1\" content=\"1 minute\" \/>\n<script type=\"application\/ld+json\" class=\"yoast-schema-graph\">{\"@context\":\"https:\\\/\\\/schema.org\",\"@graph\":[{\"@type\":\"WebPage\",\"@id\":\"https:\\\/\\\/www.citen.fr\\\/wp\\\/la-sas\\\/souscrire\\\/\",\"url\":\"https:\\\/\\\/www.citen.fr\\\/wp\\\/la-sas\\\/souscrire\\\/\",\"name\":\"Souscrire - Citen\",\"isPartOf\":{\"@id\":\"https:\\\/\\\/www.citen.fr\\\/wp\\\/#website\"},\"datePublished\":\"2022-02-05T07:34:00+00:00\",\"dateModified\":\"2025-06-26T14:39:20+00:00\",\"breadcrumb\":{\"@id\":\"https:\\\/\\\/www.citen.fr\\\/wp\\\/la-sas\\\/souscrire\\\/#breadcrumb\"},\"inLanguage\":\"fr-FR\",\"potentialAction\":[{\"@type\":\"ReadAction\",\"target\":[\"https:\\\/\\\/www.citen.fr\\\/wp\\\/la-sas\\\/souscrire\\\/\"]}]},{\"@type\":\"BreadcrumbList\",\"@id\":\"https:\\\/\\\/www.citen.fr\\\/wp\\\/la-sas\\\/souscrire\\\/#breadcrumb\",\"itemListElement\":[{\"@type\":\"ListItem\",\"position\":1,\"name\":\"Accueil\",\"item\":\"https:\\\/\\\/www.citen.fr\\\/wp\\\/\"},{\"@type\":\"ListItem\",\"position\":2,\"name\":\"La SAS OC&rsquo;CITEN\",\"item\":\"https:\\\/\\\/www.citen.fr\\\/wp\\\/la-sas\\\/\"},{\"@type\":\"ListItem\",\"position\":3,\"name\":\"Souscrire\"}]},{\"@type\":\"WebSite\",\"@id\":\"https:\\\/\\\/www.citen.fr\\\/wp\\\/#website\",\"url\":\"https:\\\/\\\/www.citen.fr\\\/wp\\\/\",\"name\":\"Citen\",\"description\":\"Devenons acteurs de notre \u00e9nergie\",\"publisher\":{\"@id\":\"https:\\\/\\\/www.citen.fr\\\/wp\\\/#organization\"},\"potentialAction\":[{\"@type\":\"SearchAction\",\"target\":{\"@type\":\"EntryPoint\",\"urlTemplate\":\"https:\\\/\\\/www.citen.fr\\\/wp\\\/?s={search_term_string}\"},\"query-input\":{\"@type\":\"PropertyValueSpecification\",\"valueRequired\":true,\"valueName\":\"search_term_string\"}}],\"inLanguage\":\"fr-FR\"},{\"@type\":\"Organization\",\"@id\":\"https:\\\/\\\/www.citen.fr\\\/wp\\\/#organization\",\"name\":\"Citen\",\"url\":\"https:\\\/\\\/www.citen.fr\\\/wp\\\/\",\"logo\":{\"@type\":\"ImageObject\",\"inLanguage\":\"fr-FR\",\"@id\":\"https:\\\/\\\/www.citen.fr\\\/wp\\\/#\\\/schema\\\/logo\\\/image\\\/\",\"url\":\"https:\\\/\\\/www.citen.fr\\\/wp\\\/wp-content\\\/uploads\\\/2022\\\/02\\\/helloasso.bmp\",\"contentUrl\":\"https:\\\/\\\/www.citen.fr\\\/wp\\\/wp-content\\\/uploads\\\/2022\\\/02\\\/helloasso.bmp\",\"width\":181,\"height\":48,\"caption\":\"Citen \"},\"image\":{\"@id\":\"https:\\\/\\\/www.citen.fr\\\/wp\\\/#\\\/schema\\\/logo\\\/image\\\/\"}}]}<\/script>\n<!-- \/ Yoast SEO plugin. -->","yoast_head_json":{"title":"Souscrire - Citen","robots":{"index":"index","follow":"follow","max-snippet":"max-snippet:-1","max-image-preview":"max-image-preview:large","max-video-preview":"max-video-preview:-1"},"canonical":"https:\/\/www.citen.fr\/wp\/la-sas\/souscrire\/","og_locale":"fr_FR","og_type":"article","og_title":"Souscrire - Citen","og_description":"Le Document d&rsquo;Information Synth\u00e9tique est r\u00e9glementaire et obligatoire pour toute offre de financement participatif.Il vous appartient de le consulter avant souscription Le Compte Courant d\u2019Associ\u00e9s permet \u00e0 toute personne physique de pr\u00eater de l\u2019argent \u00e0 OC\u2019CITEN.Il suffit de devenir \u201cAssoci\u00e9\u201d en prenant au moins 1 part sociale de 50 \u20ac, vous pouvez ensuite placer de &hellip; Continuer la lecture de Souscrire &rarr;","og_url":"https:\/\/www.citen.fr\/wp\/la-sas\/souscrire\/","og_site_name":"Citen","article_modified_time":"2025-06-26T14:39:20+00:00","twitter_card":"summary_large_image","twitter_misc":{"Dur\u00e9e de lecture estim\u00e9e":"1 minute"},"schema":{"@context":"https:\/\/schema.org","@graph":[{"@type":"WebPage","@id":"https:\/\/www.citen.fr\/wp\/la-sas\/souscrire\/","url":"https:\/\/www.citen.fr\/wp\/la-sas\/souscrire\/","name":"Souscrire - Citen","isPartOf":{"@id":"https:\/\/www.citen.fr\/wp\/#website"},"datePublished":"2022-02-05T07:34:00+00:00","dateModified":"2025-06-26T14:39:20+00:00","breadcrumb":{"@id":"https:\/\/www.citen.fr\/wp\/la-sas\/souscrire\/#breadcrumb"},"inLanguage":"fr-FR","potentialAction":[{"@type":"ReadAction","target":["https:\/\/www.citen.fr\/wp\/la-sas\/souscrire\/"]}]},{"@type":"BreadcrumbList","@id":"https:\/\/www.citen.fr\/wp\/la-sas\/souscrire\/#breadcrumb","itemListElement":[{"@type":"ListItem","position":1,"name":"Accueil","item":"https:\/\/www.citen.fr\/wp\/"},{"@type":"ListItem","position":2,"name":"La SAS OC&rsquo;CITEN","item":"https:\/\/www.citen.fr\/wp\/la-sas\/"},{"@type":"ListItem","position":3,"name":"Souscrire"}]},{"@type":"WebSite","@id":"https:\/\/www.citen.fr\/wp\/#website","url":"https:\/\/www.citen.fr\/wp\/","name":"Citen","description":"Devenons acteurs de notre \u00e9nergie","publisher":{"@id":"https:\/\/www.citen.fr\/wp\/#organization"},"potentialAction":[{"@type":"SearchAction","target":{"@type":"EntryPoint","urlTemplate":"https:\/\/www.citen.fr\/wp\/?s={search_term_string}"},"query-input":{"@type":"PropertyValueSpecification","valueRequired":true,"valueName":"search_term_string"}}],"inLanguage":"fr-FR"},{"@type":"Organization","@id":"https:\/\/www.citen.fr\/wp\/#organization","name":"Citen","url":"https:\/\/www.citen.fr\/wp\/","logo":{"@type":"ImageObject","inLanguage":"fr-FR","@id":"https:\/\/www.citen.fr\/wp\/#\/schema\/logo\/image\/","url":"https:\/\/www.citen.fr\/wp\/wp-content\/uploads\/2022\/02\/helloasso.bmp","contentUrl":"https:\/\/www.citen.fr\/wp\/wp-content\/uploads\/2022\/02\/helloasso.bmp","width":181,"height":48,"caption":"Citen "},"image":{"@id":"https:\/\/www.citen.fr\/wp\/#\/schema\/logo\/image\/"}}]}},"jetpack_sharing_enabled":true,"_links":{"self":[{"href":"https:\/\/www.citen.fr\/wp\/wp-json\/wp\/v2\/pages\/87","targetHints":{"allow":["GET"]}}],"collection":[{"href":"https:\/\/www.citen.fr\/wp\/wp-json\/wp\/v2\/pages"}],"about":[{"href":"https:\/\/www.citen.fr\/wp\/wp-json\/wp\/v2\/types\/page"}],"author":[{"embeddable":true,"href":"https:\/\/www.citen.fr\/wp\/wp-json\/wp\/v2\/users\/1"}],"replies":[{"embeddable":true,"href":"https:\/\/www.citen.fr\/wp\/wp-json\/wp\/v2\/comments?post=87"}],"version-history":[{"count":10,"href":"https:\/\/www.citen.fr\/wp\/wp-json\/wp\/v2\/pages\/87\/revisions"}],"predecessor-version":[{"id":2430,"href":"https:\/\/www.citen.fr\/wp\/wp-json\/wp\/v2\/pages\/87\/revisions\/2430"}],"up":[{"embeddable":true,"href":"https:\/\/www.citen.fr\/wp\/wp-json\/wp\/v2\/pages\/69"}],"wp:attachment":[{"href":"https:\/\/www.citen.fr\/wp\/wp-json\/wp\/v2\/media?parent=87"}],"curies":[{"name":"wp","href":"https:\/\/api.w.org\/{rel}","templated":true}]}}