{"id":741,"date":"2022-02-28T08:56:09","date_gmt":"2022-02-28T07:56:09","guid":{"rendered":"https:\/\/www.citen.fr\/wp\/?page_id=741"},"modified":"2022-03-22T10:37:20","modified_gmt":"2022-03-22T09:37:20","slug":"les-status-docciten","status":"publish","type":"page","link":"https:\/\/www.citen.fr\/wp\/la-sas\/les-status-docciten\/","title":{"rendered":"Les status d&rsquo;Oc&rsquo;citen"},"content":{"rendered":"\n<p>T\u00e9l\u00e9charger ci-dessous les statuts de la coop\u00e9rative.<br><em>(version 27 mai 2019)<\/em><\/p>\n\n\n\n<div class=\"wp-block-buttons is-layout-flex wp-block-buttons-is-layout-flex\">\n<div class=\"wp-block-button\"><a class=\"wp-block-button__link\" href=\"https:\/\/www.citen.fr\/wp\/wp-content\/uploads\/2022\/02\/statuts_occiten_27mai2019.pdf\">Statuts  d&rsquo;Oc&rsquo;citen<\/a><\/div>\n<\/div>\n","protected":false},"excerpt":{"rendered":"<p>T\u00e9l\u00e9charger ci-dessous les statuts de la coop\u00e9rative.(version 27 mai 2019)<\/p>\n","protected":false},"author":1,"featured_media":0,"parent":69,"menu_order":12,"comment_status":"closed","ping_status":"closed","template":"","meta":{"footnotes":""},"class_list":["post-741","page","type-page","status-publish","hentry"],"yoast_head":"<!-- This site is optimized with the Yoast SEO plugin v27.5 - https:\/\/yoast.com\/product\/yoast-seo-wordpress\/ -->\n<title>Les status d&#039;Oc&#039;citen - Citen<\/title>\n<meta name=\"robots\" content=\"index, follow, max-snippet:-1, max-image-preview:large, max-video-preview:-1\" \/>\n<link rel=\"canonical\" href=\"https:\/\/www.citen.fr\/wp\/la-sas\/les-status-docciten\/\" \/>\n<meta property=\"og:locale\" content=\"fr_FR\" \/>\n<meta property=\"og:type\" content=\"article\" \/>\n<meta property=\"og:title\" content=\"Les status d&#039;Oc&#039;citen - Citen\" \/>\n<meta property=\"og:description\" content=\"T\u00e9l\u00e9charger ci-dessous les statuts de la coop\u00e9rative.(version 27 mai 2019)\" \/>\n<meta property=\"og:url\" content=\"https:\/\/www.citen.fr\/wp\/la-sas\/les-status-docciten\/\" \/>\n<meta property=\"og:site_name\" content=\"Citen\" \/>\n<meta property=\"article:modified_time\" content=\"2022-03-22T09:37:20+00:00\" \/>\n<meta name=\"twitter:card\" content=\"summary_large_image\" \/>\n<meta name=\"twitter:label1\" content=\"Dur\u00e9e de lecture estim\u00e9e\" \/>\n\t<meta name=\"twitter:data1\" content=\"1 minute\" \/>\n<script type=\"application\/ld+json\" class=\"yoast-schema-graph\">{\"@context\":\"https:\\\/\\\/schema.org\",\"@graph\":[{\"@type\":\"WebPage\",\"@id\":\"https:\\\/\\\/www.citen.fr\\\/wp\\\/la-sas\\\/les-status-docciten\\\/\",\"url\":\"https:\\\/\\\/www.citen.fr\\\/wp\\\/la-sas\\\/les-status-docciten\\\/\",\"name\":\"Les status d'Oc'citen - Citen\",\"isPartOf\":{\"@id\":\"https:\\\/\\\/www.citen.fr\\\/wp\\\/#website\"},\"datePublished\":\"2022-02-28T07:56:09+00:00\",\"dateModified\":\"2022-03-22T09:37:20+00:00\",\"breadcrumb\":{\"@id\":\"https:\\\/\\\/www.citen.fr\\\/wp\\\/la-sas\\\/les-status-docciten\\\/#breadcrumb\"},\"inLanguage\":\"fr-FR\",\"potentialAction\":[{\"@type\":\"ReadAction\",\"target\":[\"https:\\\/\\\/www.citen.fr\\\/wp\\\/la-sas\\\/les-status-docciten\\\/\"]}]},{\"@type\":\"BreadcrumbList\",\"@id\":\"https:\\\/\\\/www.citen.fr\\\/wp\\\/la-sas\\\/les-status-docciten\\\/#breadcrumb\",\"itemListElement\":[{\"@type\":\"ListItem\",\"position\":1,\"name\":\"Accueil\",\"item\":\"https:\\\/\\\/www.citen.fr\\\/wp\\\/\"},{\"@type\":\"ListItem\",\"position\":2,\"name\":\"La SAS OC&rsquo;CITEN\",\"item\":\"https:\\\/\\\/www.citen.fr\\\/wp\\\/la-sas\\\/\"},{\"@type\":\"ListItem\",\"position\":3,\"name\":\"Les status d&rsquo;Oc&rsquo;citen\"}]},{\"@type\":\"WebSite\",\"@id\":\"https:\\\/\\\/www.citen.fr\\\/wp\\\/#website\",\"url\":\"https:\\\/\\\/www.citen.fr\\\/wp\\\/\",\"name\":\"Citen\",\"description\":\"Devenons acteurs de notre \u00e9nergie\",\"publisher\":{\"@id\":\"https:\\\/\\\/www.citen.fr\\\/wp\\\/#organization\"},\"potentialAction\":[{\"@type\":\"SearchAction\",\"target\":{\"@type\":\"EntryPoint\",\"urlTemplate\":\"https:\\\/\\\/www.citen.fr\\\/wp\\\/?s={search_term_string}\"},\"query-input\":{\"@type\":\"PropertyValueSpecification\",\"valueRequired\":true,\"valueName\":\"search_term_string\"}}],\"inLanguage\":\"fr-FR\"},{\"@type\":\"Organization\",\"@id\":\"https:\\\/\\\/www.citen.fr\\\/wp\\\/#organization\",\"name\":\"Citen\",\"url\":\"https:\\\/\\\/www.citen.fr\\\/wp\\\/\",\"logo\":{\"@type\":\"ImageObject\",\"inLanguage\":\"fr-FR\",\"@id\":\"https:\\\/\\\/www.citen.fr\\\/wp\\\/#\\\/schema\\\/logo\\\/image\\\/\",\"url\":\"https:\\\/\\\/www.citen.fr\\\/wp\\\/wp-content\\\/uploads\\\/2022\\\/02\\\/helloasso.bmp\",\"contentUrl\":\"https:\\\/\\\/www.citen.fr\\\/wp\\\/wp-content\\\/uploads\\\/2022\\\/02\\\/helloasso.bmp\",\"width\":181,\"height\":48,\"caption\":\"Citen \"},\"image\":{\"@id\":\"https:\\\/\\\/www.citen.fr\\\/wp\\\/#\\\/schema\\\/logo\\\/image\\\/\"}}]}<\/script>\n<!-- \/ Yoast SEO plugin. -->","yoast_head_json":{"title":"Les status d'Oc'citen - Citen","robots":{"index":"index","follow":"follow","max-snippet":"max-snippet:-1","max-image-preview":"max-image-preview:large","max-video-preview":"max-video-preview:-1"},"canonical":"https:\/\/www.citen.fr\/wp\/la-sas\/les-status-docciten\/","og_locale":"fr_FR","og_type":"article","og_title":"Les status d'Oc'citen - Citen","og_description":"T\u00e9l\u00e9charger ci-dessous les statuts de la coop\u00e9rative.(version 27 mai 2019)","og_url":"https:\/\/www.citen.fr\/wp\/la-sas\/les-status-docciten\/","og_site_name":"Citen","article_modified_time":"2022-03-22T09:37:20+00:00","twitter_card":"summary_large_image","twitter_misc":{"Dur\u00e9e de lecture estim\u00e9e":"1 minute"},"schema":{"@context":"https:\/\/schema.org","@graph":[{"@type":"WebPage","@id":"https:\/\/www.citen.fr\/wp\/la-sas\/les-status-docciten\/","url":"https:\/\/www.citen.fr\/wp\/la-sas\/les-status-docciten\/","name":"Les status d'Oc'citen - Citen","isPartOf":{"@id":"https:\/\/www.citen.fr\/wp\/#website"},"datePublished":"2022-02-28T07:56:09+00:00","dateModified":"2022-03-22T09:37:20+00:00","breadcrumb":{"@id":"https:\/\/www.citen.fr\/wp\/la-sas\/les-status-docciten\/#breadcrumb"},"inLanguage":"fr-FR","potentialAction":[{"@type":"ReadAction","target":["https:\/\/www.citen.fr\/wp\/la-sas\/les-status-docciten\/"]}]},{"@type":"BreadcrumbList","@id":"https:\/\/www.citen.fr\/wp\/la-sas\/les-status-docciten\/#breadcrumb","itemListElement":[{"@type":"ListItem","position":1,"name":"Accueil","item":"https:\/\/www.citen.fr\/wp\/"},{"@type":"ListItem","position":2,"name":"La SAS OC&rsquo;CITEN","item":"https:\/\/www.citen.fr\/wp\/la-sas\/"},{"@type":"ListItem","position":3,"name":"Les status d&rsquo;Oc&rsquo;citen"}]},{"@type":"WebSite","@id":"https:\/\/www.citen.fr\/wp\/#website","url":"https:\/\/www.citen.fr\/wp\/","name":"Citen","description":"Devenons acteurs de notre \u00e9nergie","publisher":{"@id":"https:\/\/www.citen.fr\/wp\/#organization"},"potentialAction":[{"@type":"SearchAction","target":{"@type":"EntryPoint","urlTemplate":"https:\/\/www.citen.fr\/wp\/?s={search_term_string}"},"query-input":{"@type":"PropertyValueSpecification","valueRequired":true,"valueName":"search_term_string"}}],"inLanguage":"fr-FR"},{"@type":"Organization","@id":"https:\/\/www.citen.fr\/wp\/#organization","name":"Citen","url":"https:\/\/www.citen.fr\/wp\/","logo":{"@type":"ImageObject","inLanguage":"fr-FR","@id":"https:\/\/www.citen.fr\/wp\/#\/schema\/logo\/image\/","url":"https:\/\/www.citen.fr\/wp\/wp-content\/uploads\/2022\/02\/helloasso.bmp","contentUrl":"https:\/\/www.citen.fr\/wp\/wp-content\/uploads\/2022\/02\/helloasso.bmp","width":181,"height":48,"caption":"Citen "},"image":{"@id":"https:\/\/www.citen.fr\/wp\/#\/schema\/logo\/image\/"}}]}},"jetpack_sharing_enabled":true,"_links":{"self":[{"href":"https:\/\/www.citen.fr\/wp\/wp-json\/wp\/v2\/pages\/741","targetHints":{"allow":["GET"]}}],"collection":[{"href":"https:\/\/www.citen.fr\/wp\/wp-json\/wp\/v2\/pages"}],"about":[{"href":"https:\/\/www.citen.fr\/wp\/wp-json\/wp\/v2\/types\/page"}],"author":[{"embeddable":true,"href":"https:\/\/www.citen.fr\/wp\/wp-json\/wp\/v2\/users\/1"}],"replies":[{"embeddable":true,"href":"https:\/\/www.citen.fr\/wp\/wp-json\/wp\/v2\/comments?post=741"}],"version-history":[{"count":2,"href":"https:\/\/www.citen.fr\/wp\/wp-json\/wp\/v2\/pages\/741\/revisions"}],"predecessor-version":[{"id":813,"href":"https:\/\/www.citen.fr\/wp\/wp-json\/wp\/v2\/pages\/741\/revisions\/813"}],"up":[{"embeddable":true,"href":"https:\/\/www.citen.fr\/wp\/wp-json\/wp\/v2\/pages\/69"}],"wp:attachment":[{"href":"https:\/\/www.citen.fr\/wp\/wp-json\/wp\/v2\/media?parent=741"}],"curies":[{"name":"wp","href":"https:\/\/api.w.org\/{rel}","templated":true}]}}